{"id":10,"date":"2020-01-19T21:33:55","date_gmt":"2020-01-19T21:33:55","guid":{"rendered":"https:\/\/hochzeit.szendrey.com\/?page_id=10"},"modified":"2025-06-01T11:28:33","modified_gmt":"2025-06-01T10:28:33","slug":"home","status":"publish","type":"page","link":"https:\/\/hochzeit.szendrey.com\/?page_id=10","title":{"rendered":"Einladung"},"content":{"rendered":"\r\n<div class=\"wp-block-media-text is-stacked-on-mobile\" style=\"grid-template-columns: 27% auto;\">\r\n<figure class=\"wp-block-media-text__media\"><img loading=\"lazy\" decoding=\"async\" width=\"550\" height=\"550\" class=\"wp-image-128 size-full\" src=\"https:\/\/hochzeit.szendrey.com\/wp-content\/uploads\/2025\/01\/kurs-auf-den-hafen-der-ehe-frauen-t-shirt.jpg\" alt=\"\" srcset=\"https:\/\/hochzeit.szendrey.com\/wp-content\/uploads\/2025\/01\/kurs-auf-den-hafen-der-ehe-frauen-t-shirt.jpg 550w, https:\/\/hochzeit.szendrey.com\/wp-content\/uploads\/2025\/01\/kurs-auf-den-hafen-der-ehe-frauen-t-shirt-300x300.jpg 300w, https:\/\/hochzeit.szendrey.com\/wp-content\/uploads\/2025\/01\/kurs-auf-den-hafen-der-ehe-frauen-t-shirt-150x150.jpg 150w\" sizes=\"auto, (max-width: 550px) 100vw, 550px\" \/><\/figure>\r\n<div class=\"wp-block-media-text__content\">\r\n<p>\u201c<strong>Wir haben schon viele H\u00e4fen gemeinsam bereist. <\/strong><\/p>\r\n\r\n\r\n\r\n<p><strong>Nun wollen wir uns in den Hafen der Ehe wagen.\u201d<\/strong><\/p>\r\n<\/div>\r\n<\/div>\r\n\r\n\r\n\r\n\r\n<hr \/>\r\n<p>&nbsp;<\/p>\r\n<p>Gerne m\u00f6chten wir <strong>dreierlei<\/strong> mit euch feiern:<\/p>\r\n<!-- \/wp:post-content -->\r\n\r\n<!-- wp:list -->\r\n<ul class=\"wp-block-list\"><!-- wp:list-item -->\r\n<li>40 Jahre Michaela<\/li>\r\n<!-- \/wp:list-item -->\r\n\r\n<!-- wp:list-item -->\r\n<li>50 Jahre Roman<\/li>\r\n<!-- \/wp:list-item -->\r\n\r\n<!-- wp:list-item -->\r\n<li>eine l\u00e4ngst f\u00e4llige Hochzeit<\/li>\r\n<!-- \/wp:list-item --><\/ul>\r\n<!-- \/wp:list -->\r\n\r\n<!-- wp:paragraph -->\r\n<p>Wir laden euch daher herzlich zu unserer Feier ein.<\/p>\r\n<!-- \/wp:paragraph -->\r\n\r\n<!-- wp:paragraph -->\r\n<p>\u00dcber den D\u00e4chern Wiens mit Terrasse, gutem Essen, sch\u00f6ner Musik und einer Bar m\u00f6chten wir mit euch einen sch\u00f6nen Abend verbringen, nett plaudern und gemeinsam feiern. <br \/><br \/>Diesmal lassen wir keine Pandemie, Lockdown oder \u00c4hnliches zu!<\/p>\r\n<!-- \/wp:paragraph -->\r\n\r\n<!-- wp:paragraph \/--><hr \/>\r\n<p><!--EndFragment--><\/p>\r\n<!-- wp:heading -->\r\n<h2>\u00a0<\/h2>\r\n<h2 class=\"wp-block-heading\">Wo?<\/h2>\r\n<!-- \/wp:heading -->\r\n\r\n<!-- wp:paragraph -->\r\n<p><a href=\"https:\/\/juwel.wien\/\" target=\"_blank\" rel=\"noreferrer noopener\">Juwel<\/a><br \/><a href=\"https:\/\/maps.app.goo.gl\/q8EMDBeWxXofCa688\" target=\"_blank\" rel=\"noreferrer noopener\">Taborstra\u00dfe 1-3, 1020 Wien<\/a><br \/>(Eingang, direkt am Anfang der Taborstra\u00dfe, &#8222;Mediatower&#8220;, mit dem Lift in den 15. Stock)<\/p>\r\n<!-- \/wp:paragraph -->\r\n\r\n<!-- wp:paragraph -->\r\n<p>\u00d6ffentlich gut zu erreichen vom Schwedenplatz<br \/>Parkm\u00f6glichkeiten gibt es in Garagen in der N\u00e4he. (z.B. in der Lilienbrunnengasse)<\/p>\r\n<!-- \/wp:paragraph -->\r\n\r\n<!-- wp:image {\"id\":105,\"width\":\"404px\",\"height\":\"auto\",\"sizeSlug\":\"full\",\"linkDestination\":\"none\",\"style\":{\"color\":{\"duotone\":\"unset\"}}} -->\r\n<figure class=\"wp-block-image size-full is-resized\"><img loading=\"lazy\" decoding=\"async\" width=\"725\" height=\"632\" class=\"wp-image-105\" style=\"width: 404px; height: auto;\" src=\"https:\/\/hochzeit.szendrey.com\/wp-content\/uploads\/2024\/12\/juwel-detail.png\" alt=\"\" srcset=\"https:\/\/hochzeit.szendrey.com\/wp-content\/uploads\/2024\/12\/juwel-detail.png 725w, https:\/\/hochzeit.szendrey.com\/wp-content\/uploads\/2024\/12\/juwel-detail-300x262.png 300w\" sizes=\"auto, (max-width: 725px) 100vw, 725px\" \/><\/figure>\r\n<!-- \/wp:image -->\r\n\r\n<!-- wp:paragraph \/--><hr \/><!-- wp:paragraph -->\r\n<p>&nbsp;<\/p>\r\n<!-- \/wp:paragraph -->\r\n\r\n<!-- wp:heading -->\r\n<h2 class=\"wp-block-heading\">Wann?<\/h2>\r\n<!-- \/wp:heading -->\r\n\r\n<!-- wp:paragraph -->\r\n<p><strong>17. Mai 2025<\/strong><\/p>\r\n<!-- \/wp:paragraph -->\r\n\r\n<!-- wp:paragraph -->\r\n<p>Wir freuen uns ab ca. <strong>15:00 <\/strong>auf euch, um mit einem Gl\u00e4schen Sekt anzusto\u00dfen und im Anschluss Kaffee, Torte und eine tolle Aussicht zu genie\u00dfen.<br \/>Abendessen mit Musik gibt es ab ca. <strong>18:00<\/strong>.<\/p>\r\n<!-- \/wp:paragraph -->\r\n\r\n<!-- wp:paragraph \/--><hr \/><!-- wp:paragraph -->\r\n<p>&nbsp;<\/p>\r\n<!-- \/wp:paragraph -->\r\n\r\n<!-- wp:heading -->\r\n<h2 class=\"wp-block-heading\">Was erwartet euch?<\/h2>\r\n<!-- \/wp:heading -->\r\n\r\n<!-- wp:paragraph -->\r\n<p>Die eigentliche Hochzeit erledigen wir vorab am Standesamt. Am Samstag wollen wir mit euch feiern! Traditionelle Hochzeitspiele und Br\u00e4uche (Brautentf\u00fchrung, Er\u00f6ffnungstanz, Spielchen) sucht ihr bei uns vergebens.<\/p>\r\n<!-- \/wp:paragraph -->\r\n\r\n<!-- wp:paragraph -->\r\n<p>Wir machen was <strong>uns <\/strong>Spa\u00df macht &#8211; Live-Musik, gutes Essen, Cocktails und ein toller Ausblick.<br \/><br \/><\/p>\r\n<!-- \/wp:paragraph -->\r\n\r\n<!-- wp:paragraph \/--><hr \/><!-- wp:heading -->\r\n<h2>\u00a0<\/h2>\r\n<h2 class=\"wp-block-heading\">Dresscode?<\/h2>\r\n<!-- \/wp:heading -->\r\n\r\n<!-- wp:paragraph -->\r\n<p>Kommt so, wie ihr euch wohlf\u00fchlt! (sagt Roman, aber Michaela w\u00fcnscht sich mehr als eine Jogginghose \ud83d\ude09\u00a0 &#8211; eine Krawatte braucht man aber trotzdem nicht, sagt Roman \ud83d\ude09 )<\/p>\r\n<!-- \/wp:paragraph -->\r\n\r\n<!-- wp:paragraph \/--><hr \/><!-- wp:heading -->\r\n<h2>\u00a0<\/h2>\r\n<h2 class=\"wp-block-heading\">Geschenke?<\/h2>\r\n<!-- \/wp:heading -->\r\n\r\n<!-- wp:paragraph -->\r\n<p>Wir haben bereits alles und vor allem uns. \ud83d\ude09 <br \/>Am meisten freuen wir uns auf <strong>euch<\/strong>!<\/p>\r\n<!-- \/wp:paragraph -->\r\n\r\n<!-- wp:paragraph \/--><hr \/><!-- wp:heading -->\r\n<h2>\u00a0<\/h2>\r\n<h2 class=\"wp-block-heading\">Fragen?<\/h2>\r\n<!-- \/wp:heading -->\r\n\r\n<!-- wp:paragraph -->\r\n<p>Bei Fragen einfach eine eMail an <a href=\"mailto:hochzeit@szendrey.com\">hochzeit@szendrey.com<\/a> oder schickt uns ein WhatsApp.<\/p>\r\n<!-- \/wp:paragraph -->\r\n\r\n<!-- wp:paragraph -->\r\n<p>Bei etwaigen Plan\u00e4nderungen findet ihr hier immer die aktuellsten Informationen.<br \/><br \/><\/p>\r\n<hr \/>\r\n<p>&nbsp;<\/p>\r\n<!-- \/wp:paragraph -->","protected":false},"excerpt":{"rendered":"<p>\u201cWir haben schon viele H\u00e4fen gemeinsam bereist. Nun wollen wir uns in den Hafen der Ehe wagen.\u201d &nbsp; Gerne m\u00f6chten wir dreierlei mit euch feiern: 40 Jahre Michaela 50 Jahre Roman eine l\u00e4ngst f\u00e4llige Hochzeit Wir laden euch daher herzlich zu unserer Feier ein. \u00dcber den D\u00e4chern Wiens mit Terrasse, gutem Essen, sch\u00f6ner Musik und [&hellip;]<\/p>\n","protected":false},"author":1,"featured_media":0,"parent":0,"menu_order":20,"comment_status":"closed","ping_status":"closed","template":"","meta":{"ngg_post_thumbnail":0,"footnotes":""},"class_list":["post-10","page","type-page","status-publish","hentry"],"_links":{"self":[{"href":"https:\/\/hochzeit.szendrey.com\/index.php?rest_route=\/wp\/v2\/pages\/10","targetHints":{"allow":["GET"]}}],"collection":[{"href":"https:\/\/hochzeit.szendrey.com\/index.php?rest_route=\/wp\/v2\/pages"}],"about":[{"href":"https:\/\/hochzeit.szendrey.com\/index.php?rest_route=\/wp\/v2\/types\/page"}],"author":[{"embeddable":true,"href":"https:\/\/hochzeit.szendrey.com\/index.php?rest_route=\/wp\/v2\/users\/1"}],"replies":[{"embeddable":true,"href":"https:\/\/hochzeit.szendrey.com\/index.php?rest_route=%2Fwp%2Fv2%2Fcomments&post=10"}],"version-history":[{"count":73,"href":"https:\/\/hochzeit.szendrey.com\/index.php?rest_route=\/wp\/v2\/pages\/10\/revisions"}],"predecessor-version":[{"id":350,"href":"https:\/\/hochzeit.szendrey.com\/index.php?rest_route=\/wp\/v2\/pages\/10\/revisions\/350"}],"wp:attachment":[{"href":"https:\/\/hochzeit.szendrey.com\/index.php?rest_route=%2Fwp%2Fv2%2Fmedia&parent=10"}],"curies":[{"name":"wp","href":"https:\/\/api.w.org\/{rel}","templated":true}]}}